{"id":972,"date":"2020-08-03T12:15:35","date_gmt":"2020-08-03T10:15:35","guid":{"rendered":"http:\/\/www.wir-fuer-hadamar.de\/?page_id=972"},"modified":"2026-04-24T10:21:54","modified_gmt":"2026-04-24T08:21:54","slug":"e-mail-uebersicht","status":"publish","type":"page","link":"https:\/\/www.wir-fuer-hadamar.de\/?page_id=972","title":{"rendered":"Kontaktformular"},"content":{"rendered":"\n<p>Hier k\u00f6nnen Sie uns eine Nachricht \u00fcbermitteln. Wir freuen uns \u00fcber Ihre Anregungen und Vorschl\u00e4ge, Kritik und Beschwerden nehmen wir uns ebenso an. <\/p>\n\n\n<style id=\"wpforms-css-vars-2957-block-c4e62bbe-a949-44e7-8634-99949ab1eb61\">\n\t\t\t\t#wpforms-2957.wpforms-block-c4e62bbe-a949-44e7-8634-99949ab1eb61 {\n\t\t\t\t--wpforms-field-size-input-height: 43px;\n--wpforms-field-size-input-spacing: 15px;\n--wpforms-field-size-font-size: 16px;\n--wpforms-field-size-line-height: 19px;\n--wpforms-field-size-padding-h: 14px;\n--wpforms-field-size-checkbox-size: 16px;\n--wpforms-field-size-sublabel-spacing: 5px;\n--wpforms-field-size-icon-size: 1;\n--wpforms-label-size-font-size: 16px;\n--wpforms-label-size-line-height: 19px;\n--wpforms-label-size-sublabel-font-size: 14px;\n--wpforms-label-size-sublabel-line-height: 17px;\n--wpforms-button-size-font-size: 17px;\n--wpforms-button-size-height: 41px;\n--wpforms-button-size-padding-h: 15px;\n--wpforms-button-size-margin-top: 10px;\n\t\t\t}\n\t\t\t<\/style><div class=\"wpforms-container wpforms-container-full wpforms-block wpforms-block-c4e62bbe-a949-44e7-8634-99949ab1eb61 wpforms-render-modern\" id=\"wpforms-2957\"><form id=\"wpforms-form-2957\" class=\"wpforms-validate wpforms-form wpforms-ajax-form\" data-formid=\"2957\" method=\"post\" enctype=\"multipart\/form-data\" action=\"\/index.php?rest_route=%2Fwp%2Fv2%2Fpages%2F972\" data-token=\"cd9b73c1cea3912f0b6fdbfcb6568e32\" data-token-time=\"1777029126\"><noscript class=\"wpforms-error-noscript\">Bitte aktiviere JavaScript in deinem Browser, um dieses Formular fertigzustellen.<\/noscript><div id=\"wpforms-error-noscript\" style=\"display: none;\">Bitte aktiviere JavaScript in deinem Browser, um dieses Formular fertigzustellen.<\/div><div class=\"wpforms-field-container\"><div id=\"wpforms-2957-field_1-container\" class=\"wpforms-field wpforms-field-name\" data-field-id=\"1\"><fieldset><legend class=\"wpforms-field-label\">Ihr Name <span class=\"wpforms-required-label\" aria-hidden=\"true\">*<\/span><\/legend><div class=\"wpforms-field-row wpforms-field-medium\"><div class=\"wpforms-field-row-block wpforms-first wpforms-one-half\"><input type=\"text\" id=\"wpforms-2957-field_1\" class=\"wpforms-field-name-first wpforms-field-required\" name=\"wpforms[fields][1][first]\" aria-errormessage=\"wpforms-2957-field_1-error\" required><label for=\"wpforms-2957-field_1\" class=\"wpforms-field-sublabel after\">Vorname<\/label><\/div><div class=\"wpforms-field-row-block wpforms-one-half\"><input type=\"text\" id=\"wpforms-2957-field_1-last\" class=\"wpforms-field-name-last wpforms-field-required\" name=\"wpforms[fields][1][last]\" aria-errormessage=\"wpforms-2957-field_1-last-error\" required><label for=\"wpforms-2957-field_1-last\" class=\"wpforms-field-sublabel after\">Nachname<\/label><\/div><\/div><\/fieldset><\/div><div id=\"wpforms-2957-field_7-container\" class=\"wpforms-field wpforms-field-text\" data-field-id=\"7\"><label class=\"wpforms-field-label\" for=\"wpforms-2957-field_7\">Wohnort<\/label><input type=\"text\" id=\"wpforms-2957-field_7\" class=\"wpforms-field-medium\" name=\"wpforms[fields][7]\" aria-errormessage=\"wpforms-2957-field_7-error\" ><\/div>\t\t<div id=\"wpforms-2957-field_4-container\"\n\t\t\tclass=\"wpforms-field wpforms-field-text\"\n\t\t\tdata-field-type=\"text\"\n\t\t\tdata-field-id=\"4\"\n\t\t\t>\n\t\t\t<label class=\"wpforms-field-label\" for=\"wpforms-2957-field_4\" >Nachricht Wohnort Name<\/label>\n\t\t\t<input type=\"text\" id=\"wpforms-2957-field_4\" class=\"wpforms-field-medium\" name=\"wpforms[fields][4]\" >\n\t\t<\/div>\n\t\t<div id=\"wpforms-2957-field_2-container\" class=\"wpforms-field wpforms-field-email\" data-field-id=\"2\"><label class=\"wpforms-field-label\" for=\"wpforms-2957-field_2\">Ihre E-Mail-Adresse <span class=\"wpforms-required-label\" aria-hidden=\"true\">*<\/span><\/label><input type=\"email\" id=\"wpforms-2957-field_2\" class=\"wpforms-field-medium wpforms-field-required\" name=\"wpforms[fields][2]\" spellcheck=\"false\" aria-errormessage=\"wpforms-2957-field_2-error\" required><\/div><div id=\"wpforms-2957-field_3-container\" class=\"wpforms-field wpforms-field-textarea\" data-field-id=\"3\"><label class=\"wpforms-field-label\" for=\"wpforms-2957-field_3\">Kommentar oder Nachricht<\/label><textarea id=\"wpforms-2957-field_3\" class=\"wpforms-field-medium\" name=\"wpforms[fields][3]\" aria-errormessage=\"wpforms-2957-field_3-error\" ><\/textarea><\/div><div id=\"wpforms-2957-field_5-container\" class=\"wpforms-field wpforms-field-select wpforms-field-select-style-classic\" data-field-id=\"5\"><label class=\"wpforms-field-label\" for=\"wpforms-2957-field_5\">Empf\u00e4nger der Nachricht <span class=\"wpforms-required-label\" aria-hidden=\"true\">*<\/span><\/label><select id=\"wpforms-2957-field_5\" class=\"wpforms-field-medium wpforms-field-required\" name=\"wpforms[fields][5]\" required=\"required\"><option value=\"bitte ausw\u00e4hlen\"  selected='selected' class=\"choice-4 depth-1\"  >bitte ausw\u00e4hlen<\/option><option value=\"Vorstand\"  class=\"choice-1 depth-1\"  >Vorstand<\/option><option value=\"Fraktion\"  class=\"choice-2 depth-1\"  >Fraktion<\/option><option value=\"Ortsbeir\u00e4te\"  class=\"choice-3 depth-1\"  >Ortsbeir\u00e4te<\/option><\/select><\/div><script>\n\t\t\t\t( function() {\n\t\t\t\t\tconst style = document.createElement( 'style' );\n\t\t\t\t\tstyle.appendChild( document.createTextNode( '#wpforms-2957-field_4-container { position: absolute !important; overflow: hidden !important; display: inline !important; height: 1px !important; width: 1px !important; z-index: -1000 !important; padding: 0 !important; } #wpforms-2957-field_4-container input { visibility: hidden; } #wpforms-conversational-form-page #wpforms-2957-field_4-container label { counter-increment: none; }' ) );\n\t\t\t\t\tdocument.head.appendChild( style );\n\t\t\t\t\tdocument.currentScript?.remove();\n\t\t\t\t} )();\n\t\t\t<\/script><\/div><!-- .wpforms-field-container --><div class=\"wpforms-submit-container\" ><input type=\"hidden\" name=\"wpforms[id]\" value=\"2957\"><input type=\"hidden\" name=\"page_title\" value=\"\"><input type=\"hidden\" name=\"page_url\" value=\"https:\/\/www.wir-fuer-hadamar.de\/index.php?rest_route=\/wp\/v2\/pages\/972\"><input type=\"hidden\" name=\"url_referer\" value=\"\"><button type=\"submit\" name=\"wpforms[submit]\" id=\"wpforms-submit-2957\" class=\"wpforms-submit\" data-alt-text=\"Wird gesendet\u00a0\u2026\" data-submit-text=\"Absenden\" aria-live=\"assertive\" value=\"wpforms-submit\">Absenden<\/button><img loading=\"lazy\" decoding=\"async\" src=\"https:\/\/www.wir-fuer-hadamar.de\/wp-content\/plugins\/wpforms-lite\/assets\/images\/submit-spin.svg\" class=\"wpforms-submit-spinner\" style=\"display: none;\" width=\"26\" height=\"26\" alt=\"Wird geladen\"><\/div><\/form><\/div>  <!-- .wpforms-container -->\n\n\n<div style=\"height:100px\" aria-hidden=\"true\" class=\"wp-block-spacer\"><\/div>\n\n\n\n<h4 class=\"wp-block-heading\">Wenn Sie uns per E-Mail kontaktieren m\u00f6chten, stehen Ihnen folgende Adressen zur Verf\u00fcgung:<\/h4>\n\n\n\n<p><strong>Vorstand (Kernteam):<\/strong><a href=\"mailto:sprecher@wir-fuer-hadamar.de\" target=\"_blank\" rel=\"noreferrer noopener\"><br><\/a>kernteam(at)wir-fuer-hadamar.de<br><br><strong>Fraktion:<\/strong><a href=\"mailto:fraktionsvorsitzender@wir-fuer-hadamar.de\" target=\"_blank\" rel=\"noreferrer noopener\"><br><\/a>fraktion(at)wir-fuer-hadamar.de<br><br><strong>Allgemein:<\/strong><br>kontakt(at)wir-fuer-hadamar.de<\/p>\n\n\n\n<p><strong>Administration (Website, soziale Medien):<\/strong><br>webmaster(at)wir-fuer-hadamar.de<\/p>\n","protected":false},"excerpt":{"rendered":"<p>Hier k\u00f6nnen Sie uns eine Nachricht \u00fcbermitteln. Wir freuen uns \u00fcber Ihre Anregungen und Vorschl\u00e4ge, Kritik und Beschwerden<\/p>\n","protected":false},"author":5,"featured_media":0,"parent":0,"menu_order":0,"comment_status":"closed","ping_status":"closed","template":"page-templates\/full-width.php","meta":{"footnotes":""},"class_list":["post-972","page","type-page","status-publish","hentry"],"_links":{"self":[{"href":"https:\/\/www.wir-fuer-hadamar.de\/index.php?rest_route=\/wp\/v2\/pages\/972","targetHints":{"allow":["GET"]}}],"collection":[{"href":"https:\/\/www.wir-fuer-hadamar.de\/index.php?rest_route=\/wp\/v2\/pages"}],"about":[{"href":"https:\/\/www.wir-fuer-hadamar.de\/index.php?rest_route=\/wp\/v2\/types\/page"}],"author":[{"embeddable":true,"href":"https:\/\/www.wir-fuer-hadamar.de\/index.php?rest_route=\/wp\/v2\/users\/5"}],"replies":[{"embeddable":true,"href":"https:\/\/www.wir-fuer-hadamar.de\/index.php?rest_route=%2Fwp%2Fv2%2Fcomments&post=972"}],"version-history":[{"count":5,"href":"https:\/\/www.wir-fuer-hadamar.de\/index.php?rest_route=\/wp\/v2\/pages\/972\/revisions"}],"predecessor-version":[{"id":3433,"href":"https:\/\/www.wir-fuer-hadamar.de\/index.php?rest_route=\/wp\/v2\/pages\/972\/revisions\/3433"}],"wp:attachment":[{"href":"https:\/\/www.wir-fuer-hadamar.de\/index.php?rest_route=%2Fwp%2Fv2%2Fmedia&parent=972"}],"curies":[{"name":"wp","href":"https:\/\/api.w.org\/{rel}","templated":true}]}}